{"id":19172,"date":"2017-11-21T10:28:33","date_gmt":"2017-11-21T10:28:33","guid":{"rendered":"http:\/\/www.bendel.de\/tornador-black-z-020s\/"},"modified":"2019-04-04T07:27:13","modified_gmt":"2019-04-04T07:27:13","slug":"tornador-black-z-020s","status":"publish","type":"page","link":"https:\/\/www.tornador.de\/fr\/tornador-black-z-020s\/","title":{"rendered":"Tornador\u00ae BLACK Z-020S"},"content":{"rendered":"<p>[et_pb_section bb_built=\u00a0\u00bb1&Prime; admin_label=\u00a0\u00bbSection\u00a0\u00bb specialty=\u00a0\u00bbon\u00a0\u00bb background_position_1=\u00a0\u00bbtop_left\u00a0\u00bb background_position_2=\u00a0\u00bbtop_left\u00a0\u00bb background_repeat_1=\u00a0\u00bbno-repeat\u00a0\u00bb background_repeat_2=\u00a0\u00bbno-repeat\u00a0\u00bb _builder_version=\u00a0\u00bb3.0.51&Prime; next_background_color=\u00a0\u00bbrgba(255,255,255,0)\u00a0\u00bb][et_pb_column type=\u00a0\u00bb1_2&Prime;][et_pb_text _builder_version=\u00a0\u00bb3.18.1&Prime; background_size=\u00a0\u00bbinitial\u00a0\u00bb background_position=\u00a0\u00bbtop_left\u00a0\u00bb background_repeat=\u00a0\u00bbrepeat\u00a0\u00bb module_alignment=\u00a0\u00bbleft\u00a0\u00bb border_style=\u00a0\u00bbsolid\u00a0\u00bb]<\/p>\n<h2><strong>Tornador\u00ae BLACK\u00a0Z-020S<\/strong><\/h2>\n<h2>Pistolet de nettoyage \u00e0 impulsions<\/h2>\n<p>&nbsp;<\/p>\n<h3>R\u00e9f.art.\u00a0: 601\u00a0420<\/h3>\n<p>[\/et_pb_text][et_pb_image src=\u00a0\u00bbhttps:\/\/www.tornador.de\/wp-content\/uploads\/2017\/06\/601420-Tornador-Black-Z-020S-1.jpg\u00a0\u00bb show_in_lightbox=\u00a0\u00bbon\u00a0\u00bb _builder_version=\u00a0\u00bb3.18.1&Prime; animation_style=\u00a0\u00bbslide\u00a0\u00bb animation_direction=\u00a0\u00bbleft\u00a0\u00bb animation_duration=\u00a0\u00bb500ms\u00a0\u00bb animation_intensity_slide=\u00a0\u00bb10%\u00a0\u00bb \/][et_pb_text _builder_version=\u00a0\u00bb3.18.1&Prime; background_size=\u00a0\u00bbinitial\u00a0\u00bb background_position=\u00a0\u00bbtop_left\u00a0\u00bb background_repeat=\u00a0\u00bbrepeat\u00a0\u00bb module_alignment=\u00a0\u00bbleft\u00a0\u00bb custom_margin=\u00a0\u00bb||0px|\u00a0\u00bb border_style=\u00a0\u00bbsolid\u00a0\u00bb]<\/p>\n<h5>VUE \u00c9CLAT\u00c9E :<\/h5>\n<p>[\/et_pb_text][et_pb_button button_url=\u00a0\u00bbhttps:\/\/www.bendel.de\/wp-content\/uploads\/2017\/07\/Z-020S-Exploded-View.pdf\u00a0\u00bb url_new_window=\u00a0\u00bbon\u00a0\u00bb button_text=\u00a0\u00bbPDF Download\u00a0\u00bb button_alignment=\u00a0\u00bbleft\u00a0\u00bb _builder_version=\u00a0\u00bb3.16&Prime; custom_button=\u00a0\u00bbon\u00a0\u00bb button_text_size=\u00a0\u00bb15&Prime; button_text_color=\u00a0\u00bb#ffffff\u00a0\u00bb button_bg_color=\u00a0\u00bb#c10134&Prime; button_border_width=\u00a0\u00bb7&Prime; button_font=\u00a0\u00bbSource Sans Pro|on|||\u00a0\u00bb button_icon=\u00a0\u00bb%%59%%\u00a0\u00bb button_icon_color=\u00a0\u00bb#ffffff\u00a0\u00bb button_border_radius_hover=\u00a0\u00bb4&Prime; button_text_size__hover_enabled=\u00a0\u00bboff\u00a0\u00bb button_text_size__hover=\u00a0\u00bbnull\u00a0\u00bb button_one_text_size__hover_enabled=\u00a0\u00bboff\u00a0\u00bb button_one_text_size__hover=\u00a0\u00bbnull\u00a0\u00bb button_two_text_size__hover_enabled=\u00a0\u00bboff\u00a0\u00bb button_two_text_size__hover=\u00a0\u00bbnull\u00a0\u00bb button_text_color__hover_enabled=\u00a0\u00bboff\u00a0\u00bb button_text_color__hover=\u00a0\u00bbnull\u00a0\u00bb button_one_text_color__hover_enabled=\u00a0\u00bboff\u00a0\u00bb button_one_text_color__hover=\u00a0\u00bbnull\u00a0\u00bb button_two_text_color__hover_enabled=\u00a0\u00bboff\u00a0\u00bb button_two_text_color__hover=\u00a0\u00bbnull\u00a0\u00bb button_border_width__hover_enabled=\u00a0\u00bboff\u00a0\u00bb button_border_width__hover=\u00a0\u00bbnull\u00a0\u00bb button_one_border_width__hover_enabled=\u00a0\u00bboff\u00a0\u00bb button_one_border_width__hover=\u00a0\u00bbnull\u00a0\u00bb button_two_border_width__hover_enabled=\u00a0\u00bboff\u00a0\u00bb button_two_border_width__hover=\u00a0\u00bbnull\u00a0\u00bb button_border_color__hover_enabled=\u00a0\u00bboff\u00a0\u00bb button_border_color__hover=\u00a0\u00bbnull\u00a0\u00bb button_one_border_color__hover_enabled=\u00a0\u00bboff\u00a0\u00bb button_one_border_color__hover=\u00a0\u00bbnull\u00a0\u00bb button_two_border_color__hover_enabled=\u00a0\u00bboff\u00a0\u00bb button_two_border_color__hover=\u00a0\u00bbnull\u00a0\u00bb button_border_radius__hover_enabled=\u00a0\u00bbon\u00a0\u00bb button_border_radius__hover=\u00a0\u00bb4&Prime; button_one_border_radius__hover_enabled=\u00a0\u00bboff\u00a0\u00bb button_one_border_radius__hover=\u00a0\u00bbnull\u00a0\u00bb button_two_border_radius__hover_enabled=\u00a0\u00bboff\u00a0\u00bb button_two_border_radius__hover=\u00a0\u00bbnull\u00a0\u00bb button_letter_spacing__hover_enabled=\u00a0\u00bboff\u00a0\u00bb button_letter_spacing__hover=\u00a0\u00bbnull\u00a0\u00bb button_one_letter_spacing__hover_enabled=\u00a0\u00bboff\u00a0\u00bb button_one_letter_spacing__hover=\u00a0\u00bbnull\u00a0\u00bb button_two_letter_spacing__hover_enabled=\u00a0\u00bboff\u00a0\u00bb button_two_letter_spacing__hover=\u00a0\u00bbnull\u00a0\u00bb button_bg_color__hover_enabled=\u00a0\u00bboff\u00a0\u00bb button_bg_color__hover=\u00a0\u00bbnull\u00a0\u00bb button_one_bg_color__hover_enabled=\u00a0\u00bboff\u00a0\u00bb button_one_bg_color__hover=\u00a0\u00bbnull\u00a0\u00bb button_two_bg_color__hover_enabled=\u00a0\u00bboff\u00a0\u00bb button_two_bg_color__hover=\u00a0\u00bbnull\u00a0\u00bb \/][et_pb_button button_url=\u00a0\u00bbhttps:\/\/www.youtube.com\/watch?v=havexJetJHM\u00a0\u00bb url_new_window=\u00a0\u00bbon\u00a0\u00bb button_text=\u00a0\u00bbVid\u00e9o\u00a0\u00bb button_alignment=\u00a0\u00bbleft\u00a0\u00bb _builder_version=\u00a0\u00bb3.16&Prime; custom_button=\u00a0\u00bbon\u00a0\u00bb button_text_size=\u00a0\u00bb15&Prime; button_text_color=\u00a0\u00bb#ffffff\u00a0\u00bb button_bg_color=\u00a0\u00bb#c10134&Prime; button_border_width=\u00a0\u00bb7&Prime; button_font=\u00a0\u00bbSource Sans Pro|on|||\u00a0\u00bb button_icon=\u00a0\u00bb%%59%%\u00a0\u00bb button_icon_color=\u00a0\u00bb#ffffff\u00a0\u00bb button_border_radius_hover=\u00a0\u00bb4&Prime; button_text_size__hover_enabled=\u00a0\u00bboff\u00a0\u00bb button_text_size__hover=\u00a0\u00bbnull\u00a0\u00bb button_one_text_size__hover_enabled=\u00a0\u00bboff\u00a0\u00bb button_one_text_size__hover=\u00a0\u00bbnull\u00a0\u00bb button_two_text_size__hover_enabled=\u00a0\u00bboff\u00a0\u00bb button_two_text_size__hover=\u00a0\u00bbnull\u00a0\u00bb button_text_color__hover_enabled=\u00a0\u00bboff\u00a0\u00bb button_text_color__hover=\u00a0\u00bbnull\u00a0\u00bb button_one_text_color__hover_enabled=\u00a0\u00bboff\u00a0\u00bb button_one_text_color__hover=\u00a0\u00bbnull\u00a0\u00bb button_two_text_color__hover_enabled=\u00a0\u00bboff\u00a0\u00bb button_two_text_color__hover=\u00a0\u00bbnull\u00a0\u00bb button_border_width__hover_enabled=\u00a0\u00bboff\u00a0\u00bb button_border_width__hover=\u00a0\u00bbnull\u00a0\u00bb button_one_border_width__hover_enabled=\u00a0\u00bboff\u00a0\u00bb button_one_border_width__hover=\u00a0\u00bbnull\u00a0\u00bb button_two_border_width__hover_enabled=\u00a0\u00bboff\u00a0\u00bb button_two_border_width__hover=\u00a0\u00bbnull\u00a0\u00bb button_border_color__hover_enabled=\u00a0\u00bboff\u00a0\u00bb button_border_color__hover=\u00a0\u00bbnull\u00a0\u00bb button_one_border_color__hover_enabled=\u00a0\u00bboff\u00a0\u00bb button_one_border_color__hover=\u00a0\u00bbnull\u00a0\u00bb button_two_border_color__hover_enabled=\u00a0\u00bboff\u00a0\u00bb button_two_border_color__hover=\u00a0\u00bbnull\u00a0\u00bb button_border_radius__hover_enabled=\u00a0\u00bbon\u00a0\u00bb button_border_radius__hover=\u00a0\u00bb4&Prime; button_one_border_radius__hover_enabled=\u00a0\u00bboff\u00a0\u00bb button_one_border_radius__hover=\u00a0\u00bbnull\u00a0\u00bb button_two_border_radius__hover_enabled=\u00a0\u00bboff\u00a0\u00bb button_two_border_radius__hover=\u00a0\u00bbnull\u00a0\u00bb button_letter_spacing__hover_enabled=\u00a0\u00bboff\u00a0\u00bb button_letter_spacing__hover=\u00a0\u00bbnull\u00a0\u00bb button_one_letter_spacing__hover_enabled=\u00a0\u00bboff\u00a0\u00bb button_one_letter_spacing__hover=\u00a0\u00bbnull\u00a0\u00bb button_two_letter_spacing__hover_enabled=\u00a0\u00bboff\u00a0\u00bb button_two_letter_spacing__hover=\u00a0\u00bbnull\u00a0\u00bb button_bg_color__hover_enabled=\u00a0\u00bboff\u00a0\u00bb button_bg_color__hover=\u00a0\u00bbnull\u00a0\u00bb button_one_bg_color__hover_enabled=\u00a0\u00bboff\u00a0\u00bb button_one_bg_color__hover=\u00a0\u00bbnull\u00a0\u00bb button_two_bg_color__hover_enabled=\u00a0\u00bboff\u00a0\u00bb button_two_bg_color__hover=\u00a0\u00bbnull\u00a0\u00bb \/][\/et_pb_column][et_pb_column type=\u00a0\u00bb1_2&Prime; specialty_columns=\u00a0\u00bb2&Prime;][et_pb_row_inner admin_label=\u00a0\u00bbZeile\u00a0\u00bb _builder_version=\u00a0\u00bb3.0.47&Prime;][et_pb_column_inner type=\u00a0\u00bb4_4&Prime; saved_specialty_column_type=\u00a0\u00bb1_2&Prime;][et_pb_text _builder_version=\u00a0\u00bb3.18.1&Prime; background_size=\u00a0\u00bbinitial\u00a0\u00bb background_position=\u00a0\u00bbtop_left\u00a0\u00bb background_repeat=\u00a0\u00bbrepeat\u00a0\u00bb module_alignment=\u00a0\u00bbleft\u00a0\u00bb border_style=\u00a0\u00bbsolid\u00a0\u00bb]<\/p>\n<hr class=\"linie100g\" \/>\n<ul>\n<li>Ergonomique, isol\u00e9 contre le froid et les vibrations<\/li>\n<li>Con\u00e7u pour un usage professionnel permanent<\/li>\n<li>R\u00e9sistance \u00e0 l&rsquo;usure accrue, entretien minime<\/li>\n<li>Consommation d&rsquo;air optimis\u00e9e<\/li>\n<li>Compatible avec les compresseurs \u00e0 piston de 2,2 kW &#8211; 240 V<\/li>\n<li>Convient \u00e9galement aux travaux en hauteur<\/li>\n<\/ul>\n<hr class=\"linie100g\" \/>\n<p><strong>Le pistolet nettoyeur professionnel pour les voitures, poids lourds, bus, taxis et v\u00e9hicules utilitaires,<\/strong> mais aussi pour l&rsquo;industrie, le nettoyage des b\u00e2timents, l&rsquo;a\u00e9ronautique et la navigation. Le Tornador\u00ae BLACK Z-020S offre une nouvelle ergonomie, de meilleures performances et une excellente prise en main gr\u00e2ce \u00e0 sa poign\u00e9e isol\u00e9e contre le froid et les vibrations. L&rsquo;unit\u00e9 rotative est \u00e9quip\u00e9e de roulements \u00e0 billes \u00e9tanches qui permettent au <strong>Tornador\u00ae BLACK<\/strong> de fonctionner \u00e9galement avec des compresseurs mobiles ou de petites dimensions car il d\u00e9livre une puissance maximale d\u00e8s 4,5\u00a0bar. L&rsquo;unit\u00e9 rotative n&rsquo;est plus en contact avec le c\u00f4ne de sortie, minimisant ainsi l&rsquo;usure.<\/p>\n<p>[\/et_pb_text][\/et_pb_column_inner][\/et_pb_row_inner][\/et_pb_column][\/et_pb_section][et_pb_section bb_built=\u00a0\u00bb1&Prime; inner_shadow=\u00a0\u00bbon\u00a0\u00bb _builder_version=\u00a0\u00bb3.0.74&Prime; background_color=\u00a0\u00bbrgba(255,255,255,0)\u00a0\u00bb custom_padding=\u00a0\u00bb0px||0px|\u00a0\u00bb transparent_background=\u00a0\u00bbon\u00a0\u00bb prev_background_color=\u00a0\u00bb#ffffff\u00a0\u00bb next_background_color=\u00a0\u00bb#dddddd\u00a0\u00bb][et_pb_row background_color_1=\u00a0\u00bb#eaeaea\u00a0\u00bb background_position_1=\u00a0\u00bbtop_left\u00a0\u00bb background_repeat_1=\u00a0\u00bbno-repeat\u00a0\u00bb padding_top_1=\u00a0\u00bb20px\u00a0\u00bb padding_right_1=\u00a0\u00bb20px\u00a0\u00bb padding_bottom_1=\u00a0\u00bb20px\u00a0\u00bb padding_left_1=\u00a0\u00bb20px\u00a0\u00bb _builder_version=\u00a0\u00bb3.0.51&Prime; background_size=\u00a0\u00bbinitial\u00a0\u00bb background_position=\u00a0\u00bbtop_left\u00a0\u00bb background_repeat=\u00a0\u00bbrepeat\u00a0\u00bb][et_pb_column type=\u00a0\u00bb4_4&Prime;][et_pb_text _builder_version=\u00a0\u00bb3.18.1&Prime; background_size=\u00a0\u00bbinitial\u00a0\u00bb background_position=\u00a0\u00bbtop_left\u00a0\u00bb background_repeat=\u00a0\u00bbrepeat\u00a0\u00bb module_alignment=\u00a0\u00bbleft\u00a0\u00bb border_style=\u00a0\u00bbsolid\u00a0\u00bb]<\/p>\n<p>Le <strong>Tornador\u00ae BLACK\u00a0Z-020S<\/strong> garantit un parfait nettoyage en profondeur, et ce d\u00e8s une pression de service de 4,5\u00a0bar. Le <strong>Tornador\u00ae BLACK\u00a0Z-020S<\/strong> peut \u00e9galement fonctionner avec un compresseur \u00e0 piston de 240 V\u00a0&#8211;\u00a0-2,2 kW d&rsquo;un d\u00e9bit minimal de 270 l\/min. Le <strong>Tornador\u00ae\u00a0BLACK\u00a0Z-020S<\/strong> convient ainsi id\u00e9alement pour le travail \u00e0 poste fixe, mais aussi mobile. Assurant un v\u00e9ritable gain de temps et d&rsquo;argent, la technologie de rotation du <strong>Tornador\u00ae\u00a0BLACK\u00a0Z-020S<\/strong> se distingue en outre par ses \u00e9missions sonores et vibrations r\u00e9duites.<\/p>\n<p>[\/et_pb_text][\/et_pb_column][\/et_pb_row][\/et_pb_section][et_pb_section bb_built=\u00a0\u00bb1&Prime; _builder_version=\u00a0\u00bb3.0.74&Prime; background_color=\u00a0\u00bb#dddddd\u00a0\u00bb custom_padding=\u00a0\u00bb0px||0px|\u00a0\u00bb transparent_background=\u00a0\u00bboff\u00a0\u00bb prev_background_color=\u00a0\u00bbrgba(255,255,255,0)\u00a0\u00bb next_background_color=\u00a0\u00bb#000000&Prime;][et_pb_row _builder_version=\u00a0\u00bb3.0.47&Prime; background_size=\u00a0\u00bbinitial\u00a0\u00bb background_position=\u00a0\u00bbtop_left\u00a0\u00bb background_repeat=\u00a0\u00bbrepeat\u00a0\u00bb][et_pb_column type=\u00a0\u00bb4_4&Prime;][et_pb_text _builder_version=\u00a0\u00bb3.18.1&Prime; background_size=\u00a0\u00bbinitial\u00a0\u00bb background_position=\u00a0\u00bbtop_left\u00a0\u00bb background_repeat=\u00a0\u00bbrepeat\u00a0\u00bb module_alignment=\u00a0\u00bbleft\u00a0\u00bb use_border_color=\u00a0\u00bboff\u00a0\u00bb border_color=\u00a0\u00bb#ffffff\u00a0\u00bb border_style=\u00a0\u00bbsolid\u00a0\u00bb]<\/p>\n<h5>ACCESSOIRES\u00a0:<\/h5>\n<p>[\/et_pb_text][et_pb_gallery gallery_ids=\u00a0\u00bb14615,24684,24800&Prime; posts_number=\u00a0\u00bb12&Prime; zoom_icon_color=\u00a0\u00bb#0f00a7&Prime; _builder_version=\u00a0\u00bb3.18.1&Prime; title_font_size=\u00a0\u00bb14&Prime; caption_line_height=\u00a0\u00bb14px\u00a0\u00bb saved_tabs=\u00a0\u00bball\u00a0\u00bb \/][et_pb_divider color=\u00a0\u00bb#ffffff\u00a0\u00bb divider_position=\u00a0\u00bbcenter\u00a0\u00bb divider_weight=\u00a0\u00bb3&Prime; disabled_on=\u00a0\u00bbon|on|off\u00a0\u00bb _builder_version=\u00a0\u00bb3.2&Prime; hide_on_mobile=\u00a0\u00bbon\u00a0\u00bb \/][\/et_pb_column][\/et_pb_row][\/et_pb_section][et_pb_section bb_built=\u00a0\u00bb1&Prime; _builder_version=\u00a0\u00bb3.0.74&Prime; background_color=\u00a0\u00bb#dddddd\u00a0\u00bb custom_padding=\u00a0\u00bb0px||0px|\u00a0\u00bb transparent_background=\u00a0\u00bboff\u00a0\u00bb prev_background_color=\u00a0\u00bb#000000&Prime; next_background_color=\u00a0\u00bb#000000&Prime;][et_pb_row _builder_version=\u00a0\u00bb3.0.47&Prime; background_size=\u00a0\u00bbinitial\u00a0\u00bb background_position=\u00a0\u00bbtop_left\u00a0\u00bb background_repeat=\u00a0\u00bbrepeat\u00a0\u00bb][et_pb_column type=\u00a0\u00bb4_4&Prime;][et_pb_text _builder_version=\u00a0\u00bb3.18.1&Prime; background_size=\u00a0\u00bbinitial\u00a0\u00bb background_position=\u00a0\u00bbtop_left\u00a0\u00bb background_repeat=\u00a0\u00bbrepeat\u00a0\u00bb module_alignment=\u00a0\u00bbleft\u00a0\u00bb use_border_color=\u00a0\u00bboff\u00a0\u00bb border_color=\u00a0\u00bb#ffffff\u00a0\u00bb border_style=\u00a0\u00bbsolid\u00a0\u00bb]<\/p>\n<h5>AUTRES VUES\u00a0:<\/h5>\n<p>[\/et_pb_text][et_pb_gallery gallery_ids=\u00a0\u00bb14579,14582,14591,14588,14585,14612,14609,14606,14603,14600,14597,14594&Prime; posts_number=\u00a0\u00bb15&Prime; show_title_and_caption=\u00a0\u00bboff\u00a0\u00bb zoom_icon_color=\u00a0\u00bb#0f00a7&Prime; _builder_version=\u00a0\u00bb3.18.1&Prime; title_font_size=\u00a0\u00bb14&Prime; caption_line_height=\u00a0\u00bb14px\u00a0\u00bb pagination_font_size_tablet=\u00a0\u00bb51&Prime; pagination_line_height_tablet=\u00a0\u00bb2&Prime; saved_tabs=\u00a0\u00bball\u00a0\u00bb \/][et_pb_divider color=\u00a0\u00bb#ffffff\u00a0\u00bb divider_position=\u00a0\u00bbcenter\u00a0\u00bb divider_weight=\u00a0\u00bb3&Prime; disabled_on=\u00a0\u00bbon|on|off\u00a0\u00bb _builder_version=\u00a0\u00bb3.2&Prime; hide_on_mobile=\u00a0\u00bbon\u00a0\u00bb \/][\/et_pb_column][\/et_pb_row][\/et_pb_section][et_pb_section bb_built=\u00a0\u00bb1&Prime; _builder_version=\u00a0\u00bb3.0.74&Prime; background_color=\u00a0\u00bb#dddddd\u00a0\u00bb custom_padding=\u00a0\u00bb0px||0px|\u00a0\u00bb transparent_background=\u00a0\u00bboff\u00a0\u00bb prev_background_color=\u00a0\u00bb#000000&Prime;][et_pb_row _builder_version=\u00a0\u00bb3.0.47&Prime; background_size=\u00a0\u00bbinitial\u00a0\u00bb background_position=\u00a0\u00bbtop_left\u00a0\u00bb background_repeat=\u00a0\u00bbrepeat\u00a0\u00bb][et_pb_column type=\u00a0\u00bb4_4&Prime;][et_pb_text _builder_version=\u00a0\u00bb3.18.1&Prime; background_size=\u00a0\u00bbinitial\u00a0\u00bb background_position=\u00a0\u00bbtop_left\u00a0\u00bb background_repeat=\u00a0\u00bbrepeat\u00a0\u00bb module_alignment=\u00a0\u00bbleft\u00a0\u00bb border_style=\u00a0\u00bbsolid\u00a0\u00bb]<\/p>\n<h5>APPLICATIONS\u00a0:<\/h5>\n<p>[\/et_pb_text][et_pb_gallery gallery_ids=\u00a0\u00bb15065,15062,15059,15056,15053,15050,15047,15044,15041,15311,15305&Prime; posts_number=\u00a0\u00bb15&Prime; show_title_and_caption=\u00a0\u00bboff\u00a0\u00bb zoom_icon_color=\u00a0\u00bb#0f00a7&Prime; _builder_version=\u00a0\u00bb3.18.1&Prime; title_font_size=\u00a0\u00bb14&Prime; caption_line_height=\u00a0\u00bb14px\u00a0\u00bb pagination_font_size_tablet=\u00a0\u00bb51&Prime; pagination_line_height_tablet=\u00a0\u00bb2&Prime; saved_tabs=\u00a0\u00bball\u00a0\u00bb hover_overlay_color=\u00a0\u00bbrgba(255,255,255,0.9)\u00a0\u00bb \/][et_pb_divider color=\u00a0\u00bb#ffffff\u00a0\u00bb divider_position=\u00a0\u00bbcenter\u00a0\u00bb divider_weight=\u00a0\u00bb3&Prime; disabled_on=\u00a0\u00bbon|on|off\u00a0\u00bb _builder_version=\u00a0\u00bb3.2&Prime; hide_on_mobile=\u00a0\u00bbon\u00a0\u00bb \/][\/et_pb_column][\/et_pb_row][\/et_pb_section]<\/p>\n","protected":false},"excerpt":{"rendered":"<p>Tornador\u00ae BLACK\u00a0Z-020S Pistolet de nettoyage \u00e0 impulsions &nbsp; R\u00e9f.art.\u00a0: 601\u00a0420 VUE \u00c9CLAT\u00c9E : Ergonomique, isol\u00e9 contre le froid et les vibrations Con\u00e7u pour un usage professionnel permanent R\u00e9sistance \u00e0 l&rsquo;usure accrue, entretien minime Consommation d&rsquo;air optimis\u00e9e Compatible avec les compresseurs \u00e0 piston de 2,2 kW &#8211; 240 V Convient \u00e9galement aux travaux en hauteur Le [&hellip;]<\/p>\n","protected":false},"author":7,"featured_media":0,"parent":0,"menu_order":900,"comment_status":"closed","ping_status":"closed","template":"","meta":{"_et_pb_use_builder":"on","_et_pb_old_content":"","_et_gb_content_width":"","footnotes":""},"class_list":["post-19172","page","type-page","status-publish","hentry"],"_links":{"self":[{"href":"https:\/\/www.tornador.de\/fr\/wp-json\/wp\/v2\/pages\/19172","targetHints":{"allow":["GET"]}}],"collection":[{"href":"https:\/\/www.tornador.de\/fr\/wp-json\/wp\/v2\/pages"}],"about":[{"href":"https:\/\/www.tornador.de\/fr\/wp-json\/wp\/v2\/types\/page"}],"author":[{"embeddable":true,"href":"https:\/\/www.tornador.de\/fr\/wp-json\/wp\/v2\/users\/7"}],"replies":[{"embeddable":true,"href":"https:\/\/www.tornador.de\/fr\/wp-json\/wp\/v2\/comments?post=19172"}],"version-history":[{"count":25,"href":"https:\/\/www.tornador.de\/fr\/wp-json\/wp\/v2\/pages\/19172\/revisions"}],"predecessor-version":[{"id":24842,"href":"https:\/\/www.tornador.de\/fr\/wp-json\/wp\/v2\/pages\/19172\/revisions\/24842"}],"wp:attachment":[{"href":"https:\/\/www.tornador.de\/fr\/wp-json\/wp\/v2\/media?parent=19172"}],"curies":[{"name":"wp","href":"https:\/\/api.w.org\/{rel}","templated":true}]}}