{"id":20320,"date":"2017-11-21T16:19:25","date_gmt":"2017-11-21T16:19:25","guid":{"rendered":"http:\/\/www.bendel.de\/bendel\/"},"modified":"2025-04-29T17:01:53","modified_gmt":"2025-04-29T17:01:53","slug":"tornador","status":"publish","type":"page","link":"https:\/\/www.tornador.de\/es\/tornador\/","title":{"rendered":"Home"},"content":{"rendered":"<p>[et_pb_section fb_built=\u00bb1&#8243; module_class=\u00bbstartpage-first-section\u00bb _builder_version=\u00bb4.27.4&#8243; _module_preset=\u00bbdefault\u00bb custom_margin=\u00bb0px||0px||false|false\u00bb custom_padding=\u00bb0px||0px||false|false\u00bb animation_style=\u00bbslide\u00bb animation_duration=\u00bb0ms\u00bb global_colors_info=\u00bb{}\u00bb theme_builder_area=\u00bbpost_content\u00bb][et_pb_row column_structure=\u00bb1_2,1_2&#8243; _builder_version=\u00bb4.27.4&#8243; _module_preset=\u00bbdefault\u00bb width=\u00bb96%\u00bb max_width=\u00bb100%\u00bb custom_margin=\u00bb||||false|false\u00bb custom_padding=\u00bb15px||15px||false|false\u00bb global_colors_info=\u00bb{}\u00bb theme_builder_area=\u00bbpost_content\u00bb][et_pb_column type=\u00bb1_2&#8243; _builder_version=\u00bb4.27.4&#8243; _module_preset=\u00bbdefault\u00bb global_colors_info=\u00bb{}\u00bb theme_builder_area=\u00bbpost_content\u00bb][et_pb_text module_class=\u00bbstartpage-firstline\u00bb _builder_version=\u00bb4.27.4&#8243; _module_preset=\u00bbdefault\u00bb text_font_size=\u00bb1vw\u00bb custom_margin=\u00bb40px||||false|false\u00bb global_colors_info=\u00bb{}\u00bb theme_builder_area=\u00bbpost_content\u00bb]<strong>\u00a0Bendel | Herramienta e innovaci\u00f3n<\/strong>[\/et_pb_text][et_pb_text module_class=\u00bbstartpage-secondline\u00bb _builder_version=\u00bb4.27.4&#8243; _module_preset=\u00bbdefault\u00bb text_font_size=\u00bb2.5vw\u00bb global_colors_info=\u00bb{}\u00bb theme_builder_area=\u00bbpost_content\u00bb]<\/p>\n<p>El original no conoce compromisos<\/p>\n<p>[\/et_pb_text][et_pb_text module_class=\u00bbstartpage-thirdline\u00bb _builder_version=\u00bb4.27.4&#8243; _module_preset=\u00bbdefault\u00bb text_font_size=\u00bb1.2vw\u00bb text_line_height=\u00bb1.2em\u00bb global_colors_info=\u00bb{}\u00bb theme_builder_area=\u00bbpost_content\u00bb]<\/p>\n<p>Tornador\u00ae: Poder que prevalece. El No. 1 en el mundo para la preparaci\u00f3n profesional.<\/p>\n<p>[\/et_pb_text][\/et_pb_column][et_pb_column type=\u00bb1_2&#8243; _builder_version=\u00bb4.27.4&#8243; _module_preset=\u00bbdefault\u00bb global_colors_info=\u00bb{}\u00bb theme_builder_area=\u00bbpost_content\u00bb][et_pb_code module_class=\u00bbstartvideo\u00bb _builder_version=\u00bb4.27.4&#8243; _module_preset=\u00bbdefault\u00bb custom_css_free_form=\u00bb.startvideo{||\twidth:55%;||\theight:auto;||}||||.startvideo div{||  width:100%;||  height:100%;||}\u00bb global_colors_info=\u00bb{}\u00bb theme_builder_area=\u00bbpost_content\u00bb]<video muted=\"\" playsinline=\"\" autoplay=\"\" loop=\"\" style=\"object-fit: cover; background-size: cover; width: 100%; height: 100%; transition: none; text-align: inherit; line-height: 0px; border-width: 0px; margin: 0px; padding: 0px; letter-spacing: 0px; font-weight: 400; font-size: 9px; display: block; visibility: inherit; opacity: 1;\" class=\"\" preload=\"auto\"><source src=\"https:\/\/www.tornador.de\/wp-content\/uploads\/2018\/07\/Logo-Tornador-H264-1080p-2.mp4\" type=\"video\/mp4\" style=\"transition: none; text-align: inherit; line-height: 0px; border-width: 0px; margin: 0px; padding: 0px; letter-spacing: 0px; font-weight: 400; font-size: 9px;\"><source src=\"https:\/\/www.tornador.de\/wp-content\/uploads\/2018\/07\/Logo-Tornador-H264-1080p-2.ogv\" type=\"video\/ogg\" style=\"transition: none; text-align: inherit; line-height: 0px; border-width: 0px; margin: 0px; padding: 0px; letter-spacing: 0px; font-weight: 400; font-size: 9px;\"><\/video>[\/et_pb_code][\/et_pb_column][\/et_pb_row][\/et_pb_section][et_pb_section fb_built=\u00bb1&#8243; _builder_version=\u00bb4.27.4&#8243; _module_preset=\u00bbdefault\u00bb background_color=\u00bb#c20b1b\u00bb custom_padding=\u00bb0px|0px|0px|0px|false|false\u00bb animation_style=\u00bbslide\u00bb animation_duration=\u00bb0ms\u00bb custom_css_free_form=\u00bb.rotador-picture-title{||  position:absolute;||  top:40%;||  margin-left:2.5vw !important;||}||\u00bb global_colors_info=\u00bb{}\u00bb theme_builder_area=\u00bbpost_content\u00bb][et_pb_row column_structure=\u00bb1_4,3_4&#8243; admin_label=\u00bbZeile\u00bb _builder_version=\u00bb4.27.4&#8243; _module_preset=\u00bbdefault\u00bb background_enable_image=\u00bboff\u00bb width=\u00bb100%\u00bb max_width=\u00bb100%\u00bb custom_padding=\u00bb0px||0px||false|false\u00bb global_colors_info=\u00bb{}\u00bb theme_builder_area=\u00bbpost_content\u00bb][et_pb_column type=\u00bb1_4&#8243; _builder_version=\u00bb4.27.4&#8243; _module_preset=\u00bbdefault\u00bb custom_padding=\u00bb|||15px|false|false\u00bb global_colors_info=\u00bb{}\u00bb theme_builder_area=\u00bbpost_content\u00bb][et_pb_text module_class=\u00bbrotador-title-left-side firstline\u00bb _builder_version=\u00bb4.27.4&#8243; _module_preset=\u00bbdefault\u00bb text_text_color=\u00bb#FFFFFF\u00bb text_font_size=\u00bb2.2vw\u00bb custom_margin=\u00bb5vh||15px||false|false\u00bb global_colors_info=\u00bb{}\u00bb theme_builder_area=\u00bbpost_content\u00bb]<\/p>\n<p style=\"text-align: center;\">Rotador\u00ae | El original<\/p>\n<p>[\/et_pb_text][et_pb_text module_class=\u00bbrotador-title-left-side secondline\u00bb _builder_version=\u00bb4.27.4&#8243; _module_preset=\u00bbdefault\u00bb text_text_color=\u00bb#FFFFFF\u00bb text_font_size=\u00bb1vw\u00bb text_line_height=\u00bb1.1rem\u00bb custom_padding=\u00bb|||20px|false|false\u00bb global_colors_info=\u00bb{}\u00bb theme_builder_area=\u00bbpost_content\u00bb]<\/p>\n<p style=\"text-align: center;\">T\u00e9cnica de aspiraci\u00f3n para pistolas de limpieza profesionales Eficiente, limpia, longeva: para aplicaciones en seco y en h\u00famedo. <\/p>\n<p>[\/et_pb_text][et_pb_button button_url=\u00bbhttps:\/\/www.rotador.de\/\u00bb url_new_window=\u00bbon\u00bb button_text=\u00bbRotador\u00ae Home \u00bb button_alignment=\u00bbcenter\u00bb admin_label=\u00bbButton\u00bb module_class=\u00bbrotador-title-left-side button\u00bb _builder_version=\u00bb4.27.4&#8243; _module_preset=\u00bbdefault\u00bb custom_button=\u00bbon\u00bb button_text_size=\u00bb1.6vw\u00bb button_text_color=\u00bb#c20b1b\u00bb button_bg_color=\u00bb#FFFFFF\u00bb button_border_width=\u00bb0px\u00bb button_border_radius=\u00bb0px\u00bb button_use_icon=\u00bboff\u00bb global_colors_info=\u00bb{}\u00bb theme_builder_area=\u00bbpost_content\u00bb][\/et_pb_button][\/et_pb_column][et_pb_column type=\u00bb3_4&#8243; _builder_version=\u00bb4.27.4&#8243; _module_preset=\u00bbdefault\u00bb background_enable_image=\u00bboff\u00bb background_size=\u00bbstretch\u00bb global_colors_info=\u00bb{}\u00bb theme_builder_area=\u00bbpost_content\u00bb][et_pb_image src=\u00bbhttps:\/\/www.tornador.de\/wp-content\/uploads\/2025\/04\/rotardor.jpg\u00bb title_text=\u00bbrotardor\u00bb module_class=\u00bbrotador-picture\u00bb _builder_version=\u00bb4.27.4&#8243; _module_preset=\u00bbdefault\u00bb custom_margin=\u00bb||0px||false|false\u00bb global_colors_info=\u00bb{}\u00bb theme_builder_area=\u00bbpost_content\u00bb][\/et_pb_image][et_pb_text module_class=\u00bbrotador-picture-title\u00bb _builder_version=\u00bb4.27.4&#8243; _module_preset=\u00bbdefault\u00bb text_text_color=\u00bb#FFFFFF\u00bb text_font_size=\u00bb2.5vw\u00bb height=\u00bb320px\u00bb custom_margin=\u00bb|||50px|false|false\u00bb custom_padding=\u00bb||||false|false\u00bb global_colors_info=\u00bb{}\u00bb theme_builder_area=\u00bbpost_content\u00bb]<\/p>\n<p>Sistemas de aspiraci\u00f3n<\/p>\n<p>[\/et_pb_text][\/et_pb_column][\/et_pb_row][\/et_pb_section]<\/p>\n","protected":false},"excerpt":{"rendered":"<p>\u00a0Bendel | Herramienta e innovaci\u00f3nEl original no conoce compromisosTornador\u00ae: Poder que prevalece. El No. 1 en el mundo para la preparaci\u00f3n profesional.Rotador\u00ae | El originalT\u00e9cnica de aspiraci\u00f3n para pistolas de limpieza profesionales Eficiente, limpia, longeva: para aplicaciones en seco y en h\u00famedo. Sistemas de aspiraci\u00f3n<\/p>\n","protected":false},"author":7,"featured_media":0,"parent":0,"menu_order":350,"comment_status":"closed","ping_status":"closed","template":"page-template-fullwidth.php","meta":{"_et_pb_use_builder":"on","_et_pb_old_content":"<p>[rev_slider alias=\"ohne-bendel\"]<\/p>","_et_gb_content_width":"","footnotes":""},"class_list":["post-20320","page","type-page","status-publish","hentry"],"_links":{"self":[{"href":"https:\/\/www.tornador.de\/es\/wp-json\/wp\/v2\/pages\/20320","targetHints":{"allow":["GET"]}}],"collection":[{"href":"https:\/\/www.tornador.de\/es\/wp-json\/wp\/v2\/pages"}],"about":[{"href":"https:\/\/www.tornador.de\/es\/wp-json\/wp\/v2\/types\/page"}],"author":[{"embeddable":true,"href":"https:\/\/www.tornador.de\/es\/wp-json\/wp\/v2\/users\/7"}],"replies":[{"embeddable":true,"href":"https:\/\/www.tornador.de\/es\/wp-json\/wp\/v2\/comments?post=20320"}],"version-history":[{"count":31,"href":"https:\/\/www.tornador.de\/es\/wp-json\/wp\/v2\/pages\/20320\/revisions"}],"predecessor-version":[{"id":28288,"href":"https:\/\/www.tornador.de\/es\/wp-json\/wp\/v2\/pages\/20320\/revisions\/28288"}],"wp:attachment":[{"href":"https:\/\/www.tornador.de\/es\/wp-json\/wp\/v2\/media?parent=20320"}],"curies":[{"name":"wp","href":"https:\/\/api.w.org\/{rel}","templated":true}]}}