{"id":18715,"date":"2017-11-21T10:09:37","date_gmt":"2017-11-21T10:09:37","guid":{"rendered":"http:\/\/www.bendel.de\/tornador-black-z-020s\/"},"modified":"2019-04-04T08:11:39","modified_gmt":"2019-04-04T08:11:39","slug":"tornador-black-z-020s","status":"publish","type":"page","link":"https:\/\/www.tornador.de\/es\/tornador-black-z-020s\/","title":{"rendered":"Tornador\u00ae BLACK Z-020S"},"content":{"rendered":"<p>[et_pb_section bb_built=\u00bb1&#8243; admin_label=\u00bbSection\u00bb specialty=\u00bbon\u00bb background_position_1=\u00bbtop_left\u00bb background_position_2=\u00bbtop_left\u00bb background_repeat_1=\u00bbno-repeat\u00bb background_repeat_2=\u00bbno-repeat\u00bb _builder_version=\u00bb3.0.51&#8243; next_background_color=\u00bbrgba(255,255,255,0)\u00bb][et_pb_column type=\u00bb1_2&#8243;][et_pb_text _builder_version=\u00bb3.18.1&#8243; background_size=\u00bbinitial\u00bb background_position=\u00bbtop_left\u00bb background_repeat=\u00bbrepeat\u00bb module_alignment=\u00bbleft\u00bb border_style=\u00bbsolid\u00bb]<\/p>\n<h2><strong>Tornador\u00ae BLACK Z-020S<\/strong><\/h2>\n<h2>Pistola de limpieza por impulsos<\/h2>\n<p>&nbsp;<\/p>\n<h3>N\u00ba de art.: 601 420<\/h3>\n<p>[\/et_pb_text][et_pb_image src=\u00bbhttps:\/\/www.tornador.de\/wp-content\/uploads\/2017\/06\/601420-Tornador-Black-Z-020S-1.jpg\u00bb show_in_lightbox=\u00bbon\u00bb _builder_version=\u00bb3.18.1&#8243; animation_style=\u00bbslide\u00bb animation_direction=\u00bbleft\u00bb animation_duration=\u00bb500ms\u00bb animation_intensity_slide=\u00bb10%\u00bb]<\/p>\n<p>[\/et_pb_image][et_pb_text _builder_version=\u00bb3.18.1&#8243; background_size=\u00bbinitial\u00bb background_position=\u00bbtop_left\u00bb background_repeat=\u00bbrepeat\u00bb module_alignment=\u00bbleft\u00bb custom_margin=\u00bb||0px|\u00bb border_style=\u00bbsolid\u00bb]<\/p>\n<h5>PLANO DE EXPLOSI\u00d3N:<\/h5>\n<p>[\/et_pb_text][et_pb_button button_url=\u00bbhttps:\/\/www.bendel.de\/wp-content\/uploads\/2017\/07\/Z-020S-Exploded-View.pdf\u00bb url_new_window=\u00bbon\u00bb button_text=\u00bbPDF Download\u00bb button_alignment=\u00bbleft\u00bb _builder_version=\u00bb3.16&#8243; custom_button=\u00bbon\u00bb button_text_size=\u00bb15&#8243; button_text_color=\u00bb#ffffff\u00bb button_bg_color=\u00bb#c10134&#8243; button_border_width=\u00bb7&#8243; button_font=\u00bbSource Sans Pro|on|||\u00bb button_icon=\u00bb%%59%%\u00bb button_icon_color=\u00bb#ffffff\u00bb button_border_radius_hover=\u00bb4&#8243; button_text_size__hover_enabled=\u00bboff\u00bb button_text_size__hover=\u00bbnull\u00bb button_one_text_size__hover_enabled=\u00bboff\u00bb button_one_text_size__hover=\u00bbnull\u00bb button_two_text_size__hover_enabled=\u00bboff\u00bb button_two_text_size__hover=\u00bbnull\u00bb button_text_color__hover_enabled=\u00bboff\u00bb button_text_color__hover=\u00bbnull\u00bb button_one_text_color__hover_enabled=\u00bboff\u00bb button_one_text_color__hover=\u00bbnull\u00bb button_two_text_color__hover_enabled=\u00bboff\u00bb button_two_text_color__hover=\u00bbnull\u00bb button_border_width__hover_enabled=\u00bboff\u00bb button_border_width__hover=\u00bbnull\u00bb button_one_border_width__hover_enabled=\u00bboff\u00bb button_one_border_width__hover=\u00bbnull\u00bb button_two_border_width__hover_enabled=\u00bboff\u00bb button_two_border_width__hover=\u00bbnull\u00bb button_border_color__hover_enabled=\u00bboff\u00bb button_border_color__hover=\u00bbnull\u00bb button_one_border_color__hover_enabled=\u00bboff\u00bb button_one_border_color__hover=\u00bbnull\u00bb button_two_border_color__hover_enabled=\u00bboff\u00bb button_two_border_color__hover=\u00bbnull\u00bb button_border_radius__hover_enabled=\u00bbon\u00bb button_border_radius__hover=\u00bb4&#8243; button_one_border_radius__hover_enabled=\u00bboff\u00bb button_one_border_radius__hover=\u00bbnull\u00bb button_two_border_radius__hover_enabled=\u00bboff\u00bb button_two_border_radius__hover=\u00bbnull\u00bb button_letter_spacing__hover_enabled=\u00bboff\u00bb button_letter_spacing__hover=\u00bbnull\u00bb button_one_letter_spacing__hover_enabled=\u00bboff\u00bb button_one_letter_spacing__hover=\u00bbnull\u00bb button_two_letter_spacing__hover_enabled=\u00bboff\u00bb button_two_letter_spacing__hover=\u00bbnull\u00bb button_bg_color__hover_enabled=\u00bboff\u00bb button_bg_color__hover=\u00bbnull\u00bb button_one_bg_color__hover_enabled=\u00bboff\u00bb button_one_bg_color__hover=\u00bbnull\u00bb button_two_bg_color__hover_enabled=\u00bboff\u00bb button_two_bg_color__hover=\u00bbnull\u00bb]<\/p>\n<p>[\/et_pb_button][et_pb_button button_url=\u00bbhttps:\/\/www.youtube.com\/watch?v=havexJetJHM\u00bb url_new_window=\u00bbon\u00bb button_text=\u00bbV\u00eddeo\u00bb button_alignment=\u00bbleft\u00bb _builder_version=\u00bb3.16&#8243; custom_button=\u00bbon\u00bb button_text_size=\u00bb15&#8243; button_text_color=\u00bb#ffffff\u00bb button_bg_color=\u00bb#c10134&#8243; button_border_width=\u00bb7&#8243; button_font=\u00bbSource Sans Pro|on|||\u00bb button_icon=\u00bb%%59%%\u00bb button_icon_color=\u00bb#ffffff\u00bb button_border_radius_hover=\u00bb4&#8243; button_text_size__hover_enabled=\u00bboff\u00bb button_text_size__hover=\u00bbnull\u00bb button_one_text_size__hover_enabled=\u00bboff\u00bb button_one_text_size__hover=\u00bbnull\u00bb button_two_text_size__hover_enabled=\u00bboff\u00bb button_two_text_size__hover=\u00bbnull\u00bb button_text_color__hover_enabled=\u00bboff\u00bb button_text_color__hover=\u00bbnull\u00bb button_one_text_color__hover_enabled=\u00bboff\u00bb button_one_text_color__hover=\u00bbnull\u00bb button_two_text_color__hover_enabled=\u00bboff\u00bb button_two_text_color__hover=\u00bbnull\u00bb button_border_width__hover_enabled=\u00bboff\u00bb button_border_width__hover=\u00bbnull\u00bb button_one_border_width__hover_enabled=\u00bboff\u00bb button_one_border_width__hover=\u00bbnull\u00bb button_two_border_width__hover_enabled=\u00bboff\u00bb button_two_border_width__hover=\u00bbnull\u00bb button_border_color__hover_enabled=\u00bboff\u00bb button_border_color__hover=\u00bbnull\u00bb button_one_border_color__hover_enabled=\u00bboff\u00bb button_one_border_color__hover=\u00bbnull\u00bb button_two_border_color__hover_enabled=\u00bboff\u00bb button_two_border_color__hover=\u00bbnull\u00bb button_border_radius__hover_enabled=\u00bbon\u00bb button_border_radius__hover=\u00bb4&#8243; button_one_border_radius__hover_enabled=\u00bboff\u00bb button_one_border_radius__hover=\u00bbnull\u00bb button_two_border_radius__hover_enabled=\u00bboff\u00bb button_two_border_radius__hover=\u00bbnull\u00bb button_letter_spacing__hover_enabled=\u00bboff\u00bb button_letter_spacing__hover=\u00bbnull\u00bb button_one_letter_spacing__hover_enabled=\u00bboff\u00bb button_one_letter_spacing__hover=\u00bbnull\u00bb button_two_letter_spacing__hover_enabled=\u00bboff\u00bb button_two_letter_spacing__hover=\u00bbnull\u00bb button_bg_color__hover_enabled=\u00bboff\u00bb button_bg_color__hover=\u00bbnull\u00bb button_one_bg_color__hover_enabled=\u00bboff\u00bb button_one_bg_color__hover=\u00bbnull\u00bb button_two_bg_color__hover_enabled=\u00bboff\u00bb button_two_bg_color__hover=\u00bbnull\u00bb]<\/p>\n<p>[\/et_pb_button][\/et_pb_column][et_pb_column type=\u00bb1_2&#8243; specialty_columns=\u00bb2&#8243;][et_pb_row_inner admin_label=\u00bbZeile\u00bb _builder_version=\u00bb3.0.47&#8243;][et_pb_column_inner type=\u00bb4_4&#8243; saved_specialty_column_type=\u00bb1_2&#8243;][et_pb_text _builder_version=\u00bb3.18.1&#8243; background_size=\u00bbinitial\u00bb background_position=\u00bbtop_left\u00bb background_repeat=\u00bbrepeat\u00bb module_alignment=\u00bbleft\u00bb border_style=\u00bbsolid\u00bb]<\/p>\n<hr class=\"linie100g\" \/>\n<ul>\n<li>Ergon\u00f3mica, aislada contra el fr\u00edo y baja en vibraciones<\/li>\n<li>Concebida para la aplicaci\u00f3n permanente profesional<\/li>\n<li>A\u00fan con menos desgaste y de mantenimiento reducido<\/li>\n<li>Consumo de aire optimizado<\/li>\n<li>Apropiada para compresores de \u00e9mbolo de 2,2 kW &#8211; 240 V<\/li>\n<li>Tambi\u00e9n para trabajos por encima de la cabeza<\/li>\n<\/ul>\n<hr class=\"linie100g\" \/>\n<p><strong>La pistola de limpieza profesional para turismos, camiones, autobuses, taxis y veh\u00edculos comerciales,<\/strong> pero tambi\u00e9n para la industria, limpieza de edificios, navegaci\u00f3n a\u00e9rea y marina. Tornador\u00ae BLACK Z-020S con nueva ergonom\u00eda y rendimiento, apariencia excelente y carcasa de agarre aisladas contra el fr\u00edo y de bajas vibraciones. El juego de rotaci\u00f3n est\u00e1 equipado con cojinetes de bolas sellados, los cuales hacen posible que la <strong>Tornador\u00ae BLACK<\/strong> tambi\u00e9n pueda trabajar con compresores peque\u00f1os o m\u00f3viles, ta que el potencial de rendimiento m\u00e1ximo ya est\u00e1 disponible con 4,5 bares. El desgaste se ha minimizado, ya que el juego de rotaci\u00f3n ya no est\u00e1 m\u00e1s en contacto con el embudo de salida.<\/p>\n<p>[\/et_pb_text][\/et_pb_column_inner][\/et_pb_row_inner][\/et_pb_column][\/et_pb_section][et_pb_section bb_built=\u00bb1&#8243; inner_shadow=\u00bbon\u00bb _builder_version=\u00bb3.0.74&#8243; background_color=\u00bbrgba(255,255,255,0)\u00bb custom_padding=\u00bb0px||0px|\u00bb transparent_background=\u00bbon\u00bb prev_background_color=\u00bb#ffffff\u00bb next_background_color=\u00bb#dddddd\u00bb][et_pb_row background_color_1=\u00bb#eaeaea\u00bb background_position_1=\u00bbtop_left\u00bb background_repeat_1=\u00bbno-repeat\u00bb padding_top_1=\u00bb20px\u00bb padding_right_1=\u00bb20px\u00bb padding_bottom_1=\u00bb20px\u00bb padding_left_1=\u00bb20px\u00bb _builder_version=\u00bb3.0.51&#8243; background_size=\u00bbinitial\u00bb background_position=\u00bbtop_left\u00bb background_repeat=\u00bbrepeat\u00bb][et_pb_column type=\u00bb4_4&#8243;][et_pb_text _builder_version=\u00bb3.18.1&#8243; background_size=\u00bbinitial\u00bb background_position=\u00bbtop_left\u00bb background_repeat=\u00bbrepeat\u00bb module_alignment=\u00bbleft\u00bb border_style=\u00bbsolid\u00bb]<\/p>\n<p>Con la <strong>Tornador\u00ae BLACK Z-020S<\/strong>, usted puede conseguir ya con una presi\u00f3n de trabajo de aprox. 4,5 bares un limpieza profunda excelente. La <strong>Tornador\u00ae BLACK Z-020S<\/strong> se puede utilizar incluso con un compresor de \u00e9mbolo de 240 V &#8211; 2,2 kW, siempre que este disponga de un volumen de transporte de 270 l\/min. como m\u00ednimo. De este modo la <strong>Tornador\u00ae BLACK Z-020S<\/strong> no s\u00f3lo es muy apropiada para la aplicaci\u00f3n estacionaria, sino tambi\u00e9n para la aplicaci\u00f3n m\u00f3vil. La t\u00e9cnica de rotaci\u00f3n fiable de la <strong>Tornador\u00ae BLACK Z-020S<\/strong> no s\u00f3lo ahorra tiempo y dinero, sino que se caracteriza por unas emisiones de ruido reducidas y pocas vibraciones.<\/p>\n<p>[\/et_pb_text][\/et_pb_column][\/et_pb_row][\/et_pb_section][et_pb_section bb_built=\u00bb1&#8243; _builder_version=\u00bb3.0.74&#8243; background_color=\u00bb#dddddd\u00bb custom_padding=\u00bb0px||0px|\u00bb transparent_background=\u00bboff\u00bb prev_background_color=\u00bbrgba(255,255,255,0)\u00bb next_background_color=\u00bb#000000&#8243;][et_pb_row _builder_version=\u00bb3.0.47&#8243; background_size=\u00bbinitial\u00bb background_position=\u00bbtop_left\u00bb background_repeat=\u00bbrepeat\u00bb][et_pb_column type=\u00bb4_4&#8243;][et_pb_text _builder_version=\u00bb3.18.1&#8243; background_size=\u00bbinitial\u00bb background_position=\u00bbtop_left\u00bb background_repeat=\u00bbrepeat\u00bb module_alignment=\u00bbleft\u00bb use_border_color=\u00bboff\u00bb border_color=\u00bb#ffffff\u00bb border_style=\u00bbsolid\u00bb]<\/p>\n<h5>ACCESORIOS:<\/h5>\n<p>[\/et_pb_text][et_pb_gallery gallery_ids=\u00bb14616,24685,24801&#8243; posts_number=\u00bb12&#8243; zoom_icon_color=\u00bb#0f00a7&#8243; _builder_version=\u00bb3.18.1&#8243; title_font_size=\u00bb14&#8243; caption_line_height=\u00bb14px\u00bb saved_tabs=\u00bball\u00bb]<\/p>\n<p>[\/et_pb_gallery][et_pb_divider color=\u00bb#ffffff\u00bb divider_position=\u00bbcenter\u00bb divider_weight=\u00bb3&#8243; disabled_on=\u00bbon|on|off\u00bb _builder_version=\u00bb3.2&#8243; hide_on_mobile=\u00bbon\u00bb]<\/p>\n<p>[\/et_pb_divider][\/et_pb_column][\/et_pb_row][\/et_pb_section][et_pb_section bb_built=\u00bb1&#8243; _builder_version=\u00bb3.0.74&#8243; background_color=\u00bb#dddddd\u00bb custom_padding=\u00bb0px||0px|\u00bb transparent_background=\u00bboff\u00bb prev_background_color=\u00bb#000000&#8243; next_background_color=\u00bb#000000&#8243;][et_pb_row _builder_version=\u00bb3.0.47&#8243; background_size=\u00bbinitial\u00bb background_position=\u00bbtop_left\u00bb background_repeat=\u00bbrepeat\u00bb][et_pb_column type=\u00bb4_4&#8243;][et_pb_text _builder_version=\u00bb3.18.1&#8243; background_size=\u00bbinitial\u00bb background_position=\u00bbtop_left\u00bb background_repeat=\u00bbrepeat\u00bb module_alignment=\u00bbleft\u00bb use_border_color=\u00bboff\u00bb border_color=\u00bb#ffffff\u00bb border_style=\u00bbsolid\u00bb]<\/p>\n<h5>OTRAS VISTAS:<\/h5>\n<p>[\/et_pb_text][et_pb_gallery gallery_ids=\u00bb14580,14583,14592,14589,14586,14613,14610,14607,14604,14601,14598,14595&#8243; posts_number=\u00bb15&#8243; show_title_and_caption=\u00bboff\u00bb zoom_icon_color=\u00bb#0f00a7&#8243; _builder_version=\u00bb3.18.1&#8243; title_font_size=\u00bb14&#8243; caption_line_height=\u00bb14px\u00bb pagination_font_size_tablet=\u00bb51&#8243; pagination_line_height_tablet=\u00bb2&#8243; saved_tabs=\u00bball\u00bb]<\/p>\n<p>[\/et_pb_gallery][et_pb_divider color=\u00bb#ffffff\u00bb divider_position=\u00bbcenter\u00bb divider_weight=\u00bb3&#8243; disabled_on=\u00bbon|on|off\u00bb _builder_version=\u00bb3.2&#8243; hide_on_mobile=\u00bbon\u00bb]<\/p>\n<p>[\/et_pb_divider][\/et_pb_column][\/et_pb_row][\/et_pb_section][et_pb_section bb_built=\u00bb1&#8243; _builder_version=\u00bb3.0.74&#8243; background_color=\u00bb#dddddd\u00bb custom_padding=\u00bb0px||0px|\u00bb transparent_background=\u00bboff\u00bb prev_background_color=\u00bb#000000&#8243;][et_pb_row _builder_version=\u00bb3.0.47&#8243; background_size=\u00bbinitial\u00bb background_position=\u00bbtop_left\u00bb background_repeat=\u00bbrepeat\u00bb][et_pb_column type=\u00bb4_4&#8243;][et_pb_text _builder_version=\u00bb3.18.1&#8243; background_size=\u00bbinitial\u00bb background_position=\u00bbtop_left\u00bb background_repeat=\u00bbrepeat\u00bb module_alignment=\u00bbleft\u00bb border_style=\u00bbsolid\u00bb]<\/p>\n<h5>APLICACIONES:<\/h5>\n<p>[\/et_pb_text][et_pb_gallery gallery_ids=\u00bb15066,15063,15060,15057,15054,15051,15048,15045,15042,15312,15306&#8243; posts_number=\u00bb15&#8243; show_title_and_caption=\u00bboff\u00bb zoom_icon_color=\u00bb#0f00a7&#8243; _builder_version=\u00bb3.18.1&#8243; title_font_size=\u00bb14&#8243; caption_line_height=\u00bb14px\u00bb pagination_font_size_tablet=\u00bb51&#8243; pagination_line_height_tablet=\u00bb2&#8243; saved_tabs=\u00bball\u00bb hover_overlay_color=\u00bbrgba(255,255,255,0.9)\u00bb]<\/p>\n<p>[\/et_pb_gallery][et_pb_divider color=\u00bb#ffffff\u00bb divider_position=\u00bbcenter\u00bb divider_weight=\u00bb3&#8243; disabled_on=\u00bbon|on|off\u00bb _builder_version=\u00bb3.2&#8243; hide_on_mobile=\u00bbon\u00bb]<\/p>\n<p>[\/et_pb_divider][\/et_pb_column][\/et_pb_row][\/et_pb_section]<\/p>\n","protected":false},"excerpt":{"rendered":"<p>Tornador\u00ae BLACK Z-020S Pistola de limpieza por impulsos &nbsp; N\u00ba de art.: 601 420 PLANO DE EXPLOSI\u00d3N: Ergon\u00f3mica, aislada contra el fr\u00edo y baja en vibraciones Concebida para la aplicaci\u00f3n permanente profesional A\u00fan con menos desgaste y de mantenimiento reducido Consumo de aire optimizado Apropiada para compresores de \u00e9mbolo de 2,2 kW &#8211; 240 V [&hellip;]<\/p>\n","protected":false},"author":7,"featured_media":0,"parent":0,"menu_order":900,"comment_status":"closed","ping_status":"closed","template":"","meta":{"_et_pb_use_builder":"on","_et_pb_old_content":"","_et_gb_content_width":"","footnotes":""},"class_list":["post-18715","page","type-page","status-publish","hentry"],"_links":{"self":[{"href":"https:\/\/www.tornador.de\/es\/wp-json\/wp\/v2\/pages\/18715","targetHints":{"allow":["GET"]}}],"collection":[{"href":"https:\/\/www.tornador.de\/es\/wp-json\/wp\/v2\/pages"}],"about":[{"href":"https:\/\/www.tornador.de\/es\/wp-json\/wp\/v2\/types\/page"}],"author":[{"embeddable":true,"href":"https:\/\/www.tornador.de\/es\/wp-json\/wp\/v2\/users\/7"}],"replies":[{"embeddable":true,"href":"https:\/\/www.tornador.de\/es\/wp-json\/wp\/v2\/comments?post=18715"}],"version-history":[{"count":25,"href":"https:\/\/www.tornador.de\/es\/wp-json\/wp\/v2\/pages\/18715\/revisions"}],"predecessor-version":[{"id":24849,"href":"https:\/\/www.tornador.de\/es\/wp-json\/wp\/v2\/pages\/18715\/revisions\/24849"}],"wp:attachment":[{"href":"https:\/\/www.tornador.de\/es\/wp-json\/wp\/v2\/media?parent=18715"}],"curies":[{"name":"wp","href":"https:\/\/api.w.org\/{rel}","templated":true}]}}