{"id":18696,"date":"2017-11-21T10:09:35","date_gmt":"2017-11-21T10:09:35","guid":{"rendered":"http:\/\/www.bendel.de\/tornador-classic-z-010s\/"},"modified":"2019-04-04T08:54:06","modified_gmt":"2019-04-04T08:54:06","slug":"tornador-classic-z-010s","status":"publish","type":"page","link":"https:\/\/www.tornador.de\/es\/tornador-classic-z-010s\/","title":{"rendered":"Tornador\u00ae CLASSIC Z-010S"},"content":{"rendered":"<p>[et_pb_section bb_built=\u00bb1&#8243; admin_label=\u00bbSection\u00bb fullwidth=\u00bboff\u00bb specialty=\u00bbon\u00bb _builder_version=\u00bb3.0.51&#8243; background_position_1=\u00bbtop_left\u00bb background_repeat_1=\u00bbno-repeat\u00bb background_position_2=\u00bbtop_left\u00bb background_repeat_2=\u00bbno-repeat\u00bb next_background_color=\u00bbrgba(255,255,255,0)\u00bb][et_pb_column type=\u00bb1_2&#8243;][et_pb_text background_layout=\u00bblight\u00bb text_orientation=\u00bbleft\u00bb border_style=\u00bbsolid\u00bb background_position=\u00bbtop_left\u00bb background_repeat=\u00bbrepeat\u00bb background_size=\u00bbinitial\u00bb _builder_version=\u00bb3.0.56&#8243; module_alignment=\u00bbleft\u00bb]<\/p>\n<h2><strong>Tornador\u00ae CLASSIC Z-010S<\/strong><\/h2>\n<h2>Pistola de limpieza por impulsos<\/h2>\n<p>&nbsp;<\/p>\n<h3>N\u00ba de art.: 601 410<\/h3>\n<p>[\/et_pb_text][et_pb_image _builder_version=\u00bb3.0.51&#8243; src=\u00bbhttps:\/\/www.bendel.de\/wp-content\/uploads\/2017\/06\/601410-Tornador-Classic-Z-010S-1.jpg\u00bb show_in_lightbox=\u00bbon\u00bb url_new_window=\u00bboff\u00bb use_overlay=\u00bboff\u00bb sticky=\u00bboff\u00bb align=\u00bbleft\u00bb always_center_on_mobile=\u00bbon\u00bb border_style=\u00bbsolid\u00bb force_fullwidth=\u00bboff\u00bb animation_style=\u00bbslide\u00bb animation_duration=\u00bb500ms\u00bb animation_intensity_slide=\u00bb10%\u00bb animation_direction=\u00bbleft\u00bb show_bottom_space=\u00bbon\u00bb \/][et_pb_text background_layout=\u00bblight\u00bb text_orientation=\u00bbleft\u00bb border_style=\u00bbsolid\u00bb background_position=\u00bbtop_left\u00bb background_repeat=\u00bbrepeat\u00bb background_size=\u00bbinitial\u00bb _builder_version=\u00bb3.0.56&#8243; custom_margin=\u00bb||0px|\u00bb module_alignment=\u00bbleft\u00bb]<\/p>\n<h5>PLANO DE EXPLOSI\u00d3N:<\/h5>\n<p>[\/et_pb_text][et_pb_button button_url=\u00bbhttps:\/\/www.bendel.de\/wp-content\/uploads\/2017\/06\/Z-010S-Exploded-View.pdf\u00bb url_new_window=\u00bbon\u00bb button_text=\u00bbPDF Download\u00bb button_alignment=\u00bbleft\u00bb custom_button=\u00bbon\u00bb button_text_size=\u00bb15&#8243; button_bg_color=\u00bb#d80039&#8243; button_font=\u00bbSource Sans Pro|on|||\u00bb button_icon=\u00bb%%59%%\u00bb button_icon_color=\u00bb#ffffff\u00bb button_border_radius_hover=\u00bb4&#8243; button_text_color=\u00bb#ffffff\u00bb button_border_width=\u00bb7&#8243; _builder_version=\u00bb3.9&#8243; button_text_size__hover_enabled=\u00bboff\u00bb button_text_size__hover=\u00bbnull\u00bb button_one_text_size__hover_enabled=\u00bboff\u00bb button_one_text_size__hover=\u00bbnull\u00bb button_two_text_size__hover_enabled=\u00bboff\u00bb button_two_text_size__hover=\u00bbnull\u00bb button_text_color__hover_enabled=\u00bboff\u00bb button_text_color__hover=\u00bbnull\u00bb button_one_text_color__hover_enabled=\u00bboff\u00bb button_one_text_color__hover=\u00bbnull\u00bb button_two_text_color__hover_enabled=\u00bboff\u00bb button_two_text_color__hover=\u00bbnull\u00bb button_border_width__hover_enabled=\u00bboff\u00bb button_border_width__hover=\u00bbnull\u00bb button_one_border_width__hover_enabled=\u00bboff\u00bb button_one_border_width__hover=\u00bbnull\u00bb button_two_border_width__hover_enabled=\u00bboff\u00bb button_two_border_width__hover=\u00bbnull\u00bb button_border_color__hover_enabled=\u00bboff\u00bb button_border_color__hover=\u00bbnull\u00bb button_one_border_color__hover_enabled=\u00bboff\u00bb button_one_border_color__hover=\u00bbnull\u00bb button_two_border_color__hover_enabled=\u00bboff\u00bb button_two_border_color__hover=\u00bbnull\u00bb button_border_radius__hover_enabled=\u00bbon\u00bb button_border_radius__hover=\u00bb4&#8243; button_one_border_radius__hover_enabled=\u00bboff\u00bb button_one_border_radius__hover=\u00bbnull\u00bb button_two_border_radius__hover_enabled=\u00bboff\u00bb button_two_border_radius__hover=\u00bbnull\u00bb button_letter_spacing__hover_enabled=\u00bboff\u00bb button_letter_spacing__hover=\u00bbnull\u00bb button_one_letter_spacing__hover_enabled=\u00bboff\u00bb button_one_letter_spacing__hover=\u00bbnull\u00bb button_two_letter_spacing__hover_enabled=\u00bboff\u00bb button_two_letter_spacing__hover=\u00bbnull\u00bb button_bg_color__hover_enabled=\u00bboff\u00bb button_bg_color__hover=\u00bbnull\u00bb button_one_bg_color__hover_enabled=\u00bboff\u00bb button_one_bg_color__hover=\u00bbnull\u00bb button_two_bg_color__hover_enabled=\u00bboff\u00bb button_two_bg_color__hover=\u00bbnull\u00bb \/][et_pb_button button_url=\u00bbhttps:\/\/www.youtube.com\/watch?v=EghhzvTvvFA\u00bb url_new_window=\u00bbon\u00bb button_text=\u00bbVid\u00e9o\u00bb button_alignment=\u00bbleft\u00bb custom_button=\u00bbon\u00bb button_text_size=\u00bb15&#8243; button_bg_color=\u00bb#d80039&#8243; button_font=\u00bbSource Sans Pro|on|||\u00bb button_icon=\u00bb%%59%%\u00bb button_icon_color=\u00bb#ffffff\u00bb button_border_radius_hover=\u00bb4&#8243; button_text_color=\u00bb#ffffff\u00bb button_border_width=\u00bb7&#8243; _builder_version=\u00bb3.9&#8243; button_text_size__hover_enabled=\u00bboff\u00bb button_text_size__hover=\u00bbnull\u00bb button_one_text_size__hover_enabled=\u00bboff\u00bb button_one_text_size__hover=\u00bbnull\u00bb button_two_text_size__hover_enabled=\u00bboff\u00bb button_two_text_size__hover=\u00bbnull\u00bb button_text_color__hover_enabled=\u00bboff\u00bb button_text_color__hover=\u00bbnull\u00bb button_one_text_color__hover_enabled=\u00bboff\u00bb button_one_text_color__hover=\u00bbnull\u00bb button_two_text_color__hover_enabled=\u00bboff\u00bb button_two_text_color__hover=\u00bbnull\u00bb button_border_width__hover_enabled=\u00bboff\u00bb button_border_width__hover=\u00bbnull\u00bb button_one_border_width__hover_enabled=\u00bboff\u00bb button_one_border_width__hover=\u00bbnull\u00bb button_two_border_width__hover_enabled=\u00bboff\u00bb button_two_border_width__hover=\u00bbnull\u00bb button_border_color__hover_enabled=\u00bboff\u00bb button_border_color__hover=\u00bbnull\u00bb button_one_border_color__hover_enabled=\u00bboff\u00bb button_one_border_color__hover=\u00bbnull\u00bb button_two_border_color__hover_enabled=\u00bboff\u00bb button_two_border_color__hover=\u00bbnull\u00bb button_border_radius__hover_enabled=\u00bbon\u00bb button_border_radius__hover=\u00bb4&#8243; button_one_border_radius__hover_enabled=\u00bboff\u00bb button_one_border_radius__hover=\u00bbnull\u00bb button_two_border_radius__hover_enabled=\u00bboff\u00bb button_two_border_radius__hover=\u00bbnull\u00bb button_letter_spacing__hover_enabled=\u00bboff\u00bb button_letter_spacing__hover=\u00bbnull\u00bb button_one_letter_spacing__hover_enabled=\u00bboff\u00bb button_one_letter_spacing__hover=\u00bbnull\u00bb button_two_letter_spacing__hover_enabled=\u00bboff\u00bb button_two_letter_spacing__hover=\u00bbnull\u00bb button_bg_color__hover_enabled=\u00bboff\u00bb button_bg_color__hover=\u00bbnull\u00bb button_one_bg_color__hover_enabled=\u00bboff\u00bb button_one_bg_color__hover=\u00bbnull\u00bb button_two_bg_color__hover_enabled=\u00bboff\u00bb button_two_bg_color__hover=\u00bbnull\u00bb \/][\/et_pb_column][et_pb_column type=\u00bb1_2&#8243; specialty_columns=\u00bb2&#8243;][et_pb_row_inner admin_label=\u00bbZeile\u00bb][et_pb_column_inner type=\u00bb4_4&#8243; saved_specialty_column_type=\u00bb1_2&#8243;][et_pb_text background_layout=\u00bblight\u00bb text_orientation=\u00bbleft\u00bb border_style=\u00bbsolid\u00bb background_position=\u00bbtop_left\u00bb background_repeat=\u00bbrepeat\u00bb background_size=\u00bbinitial\u00bb _builder_version=\u00bb3.0.51&#8243; module_alignment=\u00bbleft\u00bb]<\/p>\n<hr class=\"linie100g\" \/>\n<ul>\n<li>El original<\/li>\n<li>Ergon\u00f3mica, aislada contra el fr\u00edo y baja en vibraciones<\/li>\n<li>Con t\u00e9cnica de mangueras Tornador acreditada<\/li>\n<li>Para lugares de dif\u00edcil acceso<\/li>\n<li>Con microatomizaci\u00f3n especialmente fina<\/li>\n<li>Tambi\u00e9n apropiada para trabajos por encima de la cabeza<\/li>\n<\/ul>\n<hr class=\"linie100g\" \/>\n<p><strong>Apropiada para la limpieza de revestimientos y accesos de puertas, tapizados de veh\u00edculos, revestimientos de techo, huecos de calefacci\u00f3n y de aireaci\u00f3n,<\/strong> piezas de repuesto y todos los lugares de dif\u00edcil acceso. Ya se trate de guanteras en las puertas, tableros de instrumentos o capuchones de la palanca de cambios: Con la Tornador\u00ae CLASSIC Z-010S en un nuevo dise\u00f1o ergon\u00f3mico, limpiar\u00e1 estas zonas problem\u00e1ticas de manera a\u00fan m\u00e1s sencilla en menos de 2 minutos. Por medio de la microatomizaci\u00f3n, el consumo de detergentes y de este modo tambi\u00e9n los costes se reducen considerablemente. <strong>Resumen: El cliente se alegrar\u00e1 de la apariencia y del servicio por medio de su fidelizaci\u00f3n.<\/strong><\/p>\n<p>[\/et_pb_text][\/et_pb_column_inner][\/et_pb_row_inner][\/et_pb_column][\/et_pb_section][et_pb_section bb_built=\u00bb1&#8243; fullwidth=\u00bboff\u00bb specialty=\u00bboff\u00bb _builder_version=\u00bb3.0.51&#8243; background_color=\u00bbrgba(255,255,255,0)\u00bb custom_padding=\u00bb0px||0px|\u00bb inner_shadow=\u00bbon\u00bb transparent_background=\u00bbon\u00bb prev_background_color=\u00bb#ffffff\u00bb next_background_color=\u00bb#dddddd\u00bb][et_pb_row background_position=\u00bbtop_left\u00bb background_repeat=\u00bbrepeat\u00bb background_size=\u00bbinitial\u00bb _builder_version=\u00bb3.0.51&#8243; background_color_1=\u00bb#eaeaea\u00bb background_position_1=\u00bbtop_left\u00bb background_repeat_1=\u00bbno-repeat\u00bb padding_left_1=\u00bb20px\u00bb padding_top_1=\u00bb20px\u00bb padding_right_1=\u00bb20px\u00bb padding_bottom_1=\u00bb20px\u00bb][et_pb_column type=\u00bb4_4&#8243;][et_pb_text background_layout=\u00bblight\u00bb text_orientation=\u00bbleft\u00bb border_style=\u00bbsolid\u00bb background_position=\u00bbtop_left\u00bb background_repeat=\u00bbrepeat\u00bb background_size=\u00bbinitial\u00bb _builder_version=\u00bb3.0.51&#8243; module_alignment=\u00bbleft\u00bb]<\/p>\n<p>\nLa <strong>Tornador\u00ae CLASSIC Z-010S<\/strong> es una pistola de vaso de aspiraci\u00f3n accionada por aire comprimido, la cual microatomiza de forma muy fina tanto el aire como tambi\u00e9n los l\u00edquidos de limpieza y los arremolina y expulsa bajo una alta presi\u00f3n. En el embudo de salida se encuentra una manguera de aire comprimido muy peque\u00f1a, que durante el servicio rota en espiral. De este modo se hace girar la mezcla de aire que sale y se produce un tipo de fresa rotativa, similar a un tornado geot\u00e9rmico. El efecto resultante de ello proporciona nuestro <strong>\u00abEfecto tornado\u00bb<\/strong>, el cual suelta y expulsa con una fuerza extrema las part\u00edculas de suciedad de la superficie. Ideal para la preparaci\u00f3n de 2 minutos durante el servicio de cliente y que consigue una buena fidelizaci\u00f3n de los clientes.<\/p>\n<p>[\/et_pb_text][\/et_pb_column][\/et_pb_row][\/et_pb_section][et_pb_section bb_built=\u00bb1&#8243; fullwidth=\u00bboff\u00bb specialty=\u00bboff\u00bb transparent_background=\u00bboff\u00bb background_color=\u00bb#dddddd\u00bb allow_player_pause=\u00bboff\u00bb inner_shadow=\u00bboff\u00bb parallax=\u00bboff\u00bb parallax_method=\u00bbon\u00bb make_fullwidth=\u00bboff\u00bb use_custom_width=\u00bboff\u00bb width_unit=\u00bbon\u00bb make_equal=\u00bboff\u00bb use_custom_gutter=\u00bboff\u00bb custom_padding=\u00bb0px||0px|\u00bb prev_background_color=\u00bbrgba(255,255,255,0)\u00bb next_background_color=\u00bb#000000&#8243;][et_pb_row background_position=\u00bbtop_left\u00bb background_repeat=\u00bbrepeat\u00bb background_size=\u00bbinitial\u00bb][et_pb_column type=\u00bb4_4&#8243;][et_pb_text use_border_color=\u00bboff\u00bb border_color=\u00bb#ffffff\u00bb border_style=\u00bbsolid\u00bb background_position=\u00bbtop_left\u00bb background_repeat=\u00bbrepeat\u00bb background_size=\u00bbinitial\u00bb module_alignment=\u00bbleft\u00bb _builder_version=\u00bb3.12.2&#8243;]<\/p>\n<h5>ACCESORIOS:<\/h5>\n<p>[\/et_pb_text][et_pb_gallery gallery_ids=\u00bb24685,24853&#8243; hover_overlay_color=\u00bbrgba(255,255,255,0.9)\u00bb caption_line_height=\u00bb14px\u00bb title_font_size=\u00bb14&#8243; posts_number=\u00bb12&#8243; saved_tabs=\u00bball\u00bb _builder_version=\u00bb3.18.1&#8243; zoom_icon_color=\u00bb#0f00a7&#8243; pagination_font_size_tablet=\u00bb51&#8243; pagination_line_height_tablet=\u00bb2&#8243; \/][et_pb_divider color=\u00bb#ffffff\u00bb show_divider=\u00bbon\u00bb divider_style=\u00bbsolid\u00bb divider_position=\u00bbcenter\u00bb hide_on_mobile=\u00bbon\u00bb divider_weight=\u00bb3&#8243; disabled_on=\u00bbon|on|off\u00bb \/][\/et_pb_column][\/et_pb_row][\/et_pb_section][et_pb_section bb_built=\u00bb1&#8243; fullwidth=\u00bboff\u00bb specialty=\u00bboff\u00bb transparent_background=\u00bboff\u00bb background_color=\u00bb#dddddd\u00bb allow_player_pause=\u00bboff\u00bb inner_shadow=\u00bboff\u00bb parallax=\u00bboff\u00bb parallax_method=\u00bbon\u00bb make_fullwidth=\u00bboff\u00bb use_custom_width=\u00bboff\u00bb width_unit=\u00bbon\u00bb make_equal=\u00bboff\u00bb use_custom_gutter=\u00bboff\u00bb custom_padding=\u00bb0px||0px|\u00bb prev_background_color=\u00bb#000000&#8243; next_background_color=\u00bb#000000&#8243;][et_pb_row background_position=\u00bbtop_left\u00bb background_repeat=\u00bbrepeat\u00bb background_size=\u00bbinitial\u00bb][et_pb_column type=\u00bb4_4&#8243;][et_pb_text background_layout=\u00bblight\u00bb text_orientation=\u00bbleft\u00bb use_border_color=\u00bboff\u00bb border_color=\u00bb#ffffff\u00bb border_style=\u00bbsolid\u00bb background_position=\u00bbtop_left\u00bb background_repeat=\u00bbrepeat\u00bb background_size=\u00bbinitial\u00bb module_alignment=\u00bbleft\u00bb]<\/p>\n<h5>OTRAS VISTAS:<\/h5>\n<p>[\/et_pb_text][et_pb_gallery gallery_ids=\u00bb14490,14517,14514,14511,14508,14505,14502,14499,14496,14493&#8243; fullwidth=\u00bboff\u00bb orientation=\u00bblandscape\u00bb show_title_and_caption=\u00bboff\u00bb show_pagination=\u00bbon\u00bb background_layout=\u00bblight\u00bb hover_overlay_color=\u00bbrgba(255,255,255,0.9)\u00bb caption_line_height=\u00bb14px\u00bb title_font_size=\u00bb14&#8243; posts_number=\u00bb12&#8243; saved_tabs=\u00bball\u00bb _builder_version=\u00bb3.0.83&#8243; zoom_icon_color=\u00bb#0f00a7&#8243; pagination_font_size_tablet=\u00bb51&#8243; pagination_line_height_tablet=\u00bb2&#8243; \/][et_pb_divider color=\u00bb#ffffff\u00bb show_divider=\u00bbon\u00bb divider_style=\u00bbsolid\u00bb divider_position=\u00bbcenter\u00bb hide_on_mobile=\u00bbon\u00bb divider_weight=\u00bb3&#8243; disabled_on=\u00bbon|on|off\u00bb \/][\/et_pb_column][\/et_pb_row][\/et_pb_section][et_pb_section bb_built=\u00bb1&#8243; fullwidth=\u00bboff\u00bb specialty=\u00bboff\u00bb transparent_background=\u00bboff\u00bb background_color=\u00bb#dddddd\u00bb allow_player_pause=\u00bboff\u00bb inner_shadow=\u00bboff\u00bb parallax=\u00bboff\u00bb parallax_method=\u00bbon\u00bb make_fullwidth=\u00bboff\u00bb use_custom_width=\u00bboff\u00bb width_unit=\u00bbon\u00bb make_equal=\u00bboff\u00bb use_custom_gutter=\u00bboff\u00bb custom_padding=\u00bb0px||0px|\u00bb prev_background_color=\u00bb#000000&#8243;][et_pb_row background_position=\u00bbtop_left\u00bb background_repeat=\u00bbrepeat\u00bb background_size=\u00bbinitial\u00bb][et_pb_column type=\u00bb4_4&#8243;][et_pb_text background_layout=\u00bblight\u00bb text_orientation=\u00bbleft\u00bb border_style=\u00bbsolid\u00bb background_position=\u00bbtop_left\u00bb background_repeat=\u00bbrepeat\u00bb background_size=\u00bbinitial\u00bb _builder_version=\u00bb3.0.51&#8243; module_alignment=\u00bbleft\u00bb]<\/p>\n<h5>APLICACIONES:<\/h5>\n<p>[\/et_pb_text][et_pb_gallery gallery_ids=\u00bb14994,15015,15012,15009,15006,15003,15000,14997,15312,15306&#8243; show_title_and_caption=\u00bboff\u00bb hover_overlay_color=\u00bbrgba(255,255,255,0.9)\u00bb caption_line_height=\u00bb14px\u00bb title_font_size=\u00bb14&#8243; posts_number=\u00bb12&#8243; saved_tabs=\u00bball\u00bb _builder_version=\u00bb3.18.1&#8243; zoom_icon_color=\u00bb#0f00a7&#8243; pagination_font_size_tablet=\u00bb51&#8243; pagination_line_height_tablet=\u00bb2&#8243; \/][et_pb_divider color=\u00bb#ffffff\u00bb show_divider=\u00bbon\u00bb divider_style=\u00bbsolid\u00bb divider_position=\u00bbcenter\u00bb hide_on_mobile=\u00bbon\u00bb divider_weight=\u00bb3&#8243; disabled_on=\u00bbon|on|off\u00bb \/][\/et_pb_column][\/et_pb_row][\/et_pb_section]<\/p>\n","protected":false},"excerpt":{"rendered":"<p>Tornador\u00ae CLASSIC Z-010S Pistola de limpieza por impulsos &nbsp; N\u00ba de art.: 601 410 PLANO DE EXPLOSI\u00d3N: El original Ergon\u00f3mica, aislada contra el fr\u00edo y baja en vibraciones Con t\u00e9cnica de mangueras Tornador acreditada Para lugares de dif\u00edcil acceso Con microatomizaci\u00f3n especialmente fina Tambi\u00e9n apropiada para trabajos por encima de la cabeza Apropiada para la [&hellip;]<\/p>\n","protected":false},"author":7,"featured_media":0,"parent":0,"menu_order":908,"comment_status":"closed","ping_status":"closed","template":"","meta":{"_et_pb_use_builder":"on","_et_pb_old_content":"","_et_gb_content_width":"","footnotes":""},"class_list":["post-18696","page","type-page","status-publish","hentry"],"_links":{"self":[{"href":"https:\/\/www.tornador.de\/es\/wp-json\/wp\/v2\/pages\/18696","targetHints":{"allow":["GET"]}}],"collection":[{"href":"https:\/\/www.tornador.de\/es\/wp-json\/wp\/v2\/pages"}],"about":[{"href":"https:\/\/www.tornador.de\/es\/wp-json\/wp\/v2\/types\/page"}],"author":[{"embeddable":true,"href":"https:\/\/www.tornador.de\/es\/wp-json\/wp\/v2\/users\/7"}],"replies":[{"embeddable":true,"href":"https:\/\/www.tornador.de\/es\/wp-json\/wp\/v2\/comments?post=18696"}],"version-history":[{"count":12,"href":"https:\/\/www.tornador.de\/es\/wp-json\/wp\/v2\/pages\/18696\/revisions"}],"predecessor-version":[{"id":24860,"href":"https:\/\/www.tornador.de\/es\/wp-json\/wp\/v2\/pages\/18696\/revisions\/24860"}],"wp:attachment":[{"href":"https:\/\/www.tornador.de\/es\/wp-json\/wp\/v2\/media?parent=18696"}],"curies":[{"name":"wp","href":"https:\/\/api.w.org\/{rel}","templated":true}]}}